{"id":43,"date":"2026-05-03T07:16:07","date_gmt":"2026-05-03T07:16:07","guid":{"rendered":"https:\/\/entretenimiento-viral.com\/soberania-biologica\/"},"modified":"2026-05-07T18:34:05","modified_gmt":"2026-05-07T18:34:05","slug":"soberania-biologica","status":"publish","type":"page","link":"https:\/\/menteymanzana.com\/en\/","title":{"rendered":"Biological Sovereignty"},"content":{"rendered":"<div class=\"wp-block-cover alignfull is-light\" style=\"border-radius:0px;min-height:80vh;aspect-ratio:unset;\"><span aria-hidden=\"true\" class=\"wp-block-cover__background has-background-dim-50 has-background-dim\"><\/span><img decoding=\"async\" class=\"wp-block-cover__image-background wp-image-138\" alt=\"\" src=\"https:\/\/menteymanzana.com\/wp-content\/uploads\/2026\/05\/soberania-biologica-banner-scaled.jpg\" data-object-fit=\"cover\"\/><span aria-hidden=\"true\" class=\"wp-block-cover__background has-color-2-background-color has-background-dim-80 has-background-dim\"><\/span><div class=\"wp-block-cover__inner-container is-layout-flow wp-block-cover-is-layout-flow\">\n<h1 class=\"wp-block-heading has-text-align-center\" style=\"font-size:clamp(48px,8vw,80px);font-style:normal;font-weight:800;letter-spacing:-0.04em;line-height:1.05\">RECLAIM YOUR<br><span class=\"has-color-3-color has-text-color\">SOVEREIGNTY<\/span><br>BIOLOGICAL<\/h1>\n\n\n\n<p class=\"has-text-align-center\" style=\"margin-top:24px;font-size:clamp(14px, 0.875rem + ((1vw - 3.2px) * 0.769), 20px);font-family:Newsreader, Georgia, serif;line-height:1.6\">Human engineering through rigorous scientific methodology. We provide the protocols, you provide the discipline.<\/p>\n\n\n\n<div class=\"wp-block-buttons is-content-justification-center is-layout-flex wp-container-core-buttons-is-layout-660f9ef0 wp-block-buttons-is-layout-flex\" style=\"margin-top:40px\">\n<div class=\"wp-block-button\"><a class=\"wp-block-button__link wp-element-button\" href=\"\/en\/archivos\/\">FILES<\/a><\/div>\n<\/div>\n<\/div><\/div><\/div>\n\n\n\n<div class=\"wp-block-group alignfull has-background has-global-padding is-layout-constrained wp-container-core-group-is-layout-55cf3d1c wp-block-group-is-layout-constrained\" style=\"background-color:#121414;padding-top:160px;padding-right:64px;padding-bottom:160px;padding-left:64px\">\n<div class=\"wp-block-columns are-vertically-aligned-center is-layout-flex wp-container-core-columns-is-layout-bad5dd0e wp-block-columns-is-layout-flex\">\n<div class=\"wp-block-column is-vertically-aligned-center is-layout-flow wp-block-column-is-layout-flow\" style=\"flex-basis:45%\">\n<h2 class=\"wp-block-heading\" style=\"font-size:clamp(27.894px, 1.743rem + ((1vw - 3.2px) * 2.578), 48px);font-style:normal;font-weight:700;letter-spacing:-0.02em;line-height:1.1\">THE PROTOCOL<\/h2>\n\n\n\n<p style=\"margin-top:24px;color:#c4c7c7;font-size:clamp(14px, 0.875rem + ((1vw - 3.2px) * 0.256), 16px);font-family:Newsreader, Georgia, serif;line-height:1.7\">A systematic approach to optimizing human biology. We cut through the noise of modern wellness to deliver hard, actionable data. This isn&#039;t self-help; this is engineering.<\/p>\n\n\n\n<div class=\"wp-block-group is-layout-flow wp-container-core-group-is-layout-a315cbfb wp-block-group-is-layout-flow\" style=\"border-top-color:#444748;border-top-width:1px;margin-top:56px\">\n<div class=\"wp-block-group is-content-justification-left is-nowrap is-layout-flex wp-container-core-group-is-layout-c4988996 wp-block-group-is-layout-flex\" style=\"border-bottom-color:#444748;border-bottom-width:1px;padding-top:24px;padding-bottom:24px\">\n<p class=\"has-text-color\" style=\"color:#CCFF00;font-size:14px;font-family:Space Grotesk, sans-serif;letter-spacing:0.05em\">01<\/p>\n\n\n\n<p style=\"font-size:clamp(14px, 0.875rem + ((1vw - 3.2px) * 0.256), 16px);\">Baseline Assessment<\/p>\n<\/div>\n\n\n\n<div class=\"wp-block-group is-content-justification-left is-nowrap is-layout-flex wp-container-core-group-is-layout-c4988996 wp-block-group-is-layout-flex\" style=\"border-bottom-color:#444748;border-bottom-width:1px;padding-top:24px;padding-bottom:24px\">\n<p class=\"has-text-color\" style=\"color:#CCFF00;font-size:14px;font-family:Space Grotesk, sans-serif;letter-spacing:0.05em\">02<\/p>\n\n\n\n<p style=\"font-size:clamp(14px, 0.875rem + ((1vw - 3.2px) * 0.256), 16px);\">Nutritional Architecture<\/p>\n<\/div>\n\n\n\n<div class=\"wp-block-group is-content-justification-left is-nowrap is-layout-flex wp-container-core-group-is-layout-c4988996 wp-block-group-is-layout-flex\" style=\"padding-top:24px;padding-bottom:24px\">\n<p class=\"has-text-color\" style=\"color:#CCFF00;font-size:14px;font-family:Space Grotesk, sans-serif;letter-spacing:0.05em\">03<\/p>\n\n\n\n<p style=\"font-size:clamp(14px, 0.875rem + ((1vw - 3.2px) * 0.256), 16px);\">Cognitive Calibration<\/p>\n<\/div>\n<\/div>\n<\/div>\n\n\n\n<div class=\"wp-block-column is-vertically-aligned-center is-layout-flow wp-block-column-is-layout-flow\" style=\"flex-basis:55%\">\n<div class=\"wp-block-cover is-light mm-protocolo-video\" style=\"border-radius:0px\"><span aria-hidden=\"true\" class=\"wp-block-cover__background has-color-2-background-color has-background-dim-30 has-background-dim\"><\/span><video class=\"wp-block-cover__video-background intrinsic-ignore mm-hover-video\" muted loop playsinline preload=\"metadata\" src=\"https:\/\/menteymanzana.com\/wp-content\/uploads\/2026\/05\/SitioMenteManz.mp4#t=0.1\" data-object-fit=\"contain\"><\/video><div class=\"wp-block-cover__inner-container is-layout-flow wp-block-cover-is-layout-flow\">\n<p class=\"has-text-align-left has-text-color mm-protocolo-overlay\" style=\"color:#CCFF00;font-size:12px;font-family:Space Grotesk, sans-serif;letter-spacing:0.15em\">DATA ACQUISITION \/\/ HOVER \u25b6<\/p>\n<\/div><\/div>\n<\/div>\n<\/div>\n<\/div>\n\n\n\n<div class=\"wp-block-group alignfull has-background has-global-padding is-layout-constrained wp-container-core-group-is-layout-55cf3d1c wp-block-group-is-layout-constrained\" style=\"border-top-color:#444748;border-top-width:1px;background-color:#121414;padding-top:160px;padding-right:64px;padding-bottom:160px;padding-left:64px\">\n<div class=\"wp-block-group is-content-justification-space-between is-nowrap is-layout-flex wp-container-core-group-is-layout-cb46ffcb wp-block-group-is-layout-flex\">\n<h2 class=\"wp-block-heading\" style=\"font-size:clamp(27.894px, 1.743rem + ((1vw - 3.2px) * 2.578), 48px);font-style:normal;font-weight:700;letter-spacing:-0.02em;line-height:1.1\">FEATURED RESEARCH<\/h2>\n\n\n\n<p class=\"has-text-color\" style=\"color:#c4c7c7;font-size:12px;font-family:Space Grotesk, sans-serif;letter-spacing:0.15em\">ACCESS FILES \u2192<\/p>\n<\/div>\n\n\n\n<div class=\"wp-block-group mm-magazine is-layout-flow wp-block-group-is-layout-flow\" style=\"margin-top:56px\">\n\n<div class=\"wp-block-columns mm-magazine-cols is-layout-flex wp-container-core-columns-is-layout-28f84493 wp-block-columns-is-layout-flex\">\n\n<div class=\"wp-block-column mm-col mm-col-latest is-layout-flow wp-block-column-is-layout-flow\" style=\"flex-basis:280px\">\n\n<div class=\"mm-col-head\"><span>LATEST NEWS<\/span><\/div>\n\n<ul class=\"wp-block-latest-posts__list has-dates mm-list-latest wp-block-latest-posts\"><li><div class=\"mm-card-meta\"><span class=\"mm-badge mm-badge-observacional\">OBSERVATIONAL<\/span><span class=\"mm-readtime\">4 min read<\/span><\/div><a class=\"wp-block-latest-posts__post-title\" href=\"https:\/\/menteymanzana.com\/en\/el-archivo-sildenafilo-vol-i-hackeando-el-oxido-nitrico\/\">The Sildenafil Archive (Vol. I): Hacking Nitric Oxide<\/a><time datetime=\"2026-05-05T23:31:43+00:00\" class=\"wp-block-latest-posts__post-date\">May 5, 2026<\/time><\/li>\n<li><div class=\"mm-card-meta\"><span class=\"mm-badge mm-badge-observacional\">OBSERVATIONAL<\/span><span class=\"mm-readtime\">4 min read<\/span><\/div><a class=\"wp-block-latest-posts__post-title\" href=\"https:\/\/menteymanzana.com\/en\/la-era-de-la-cirugia-inmaterial-el-dominio-del-ultrasonido-focalizado-hifu-y-el-fin-del-bisturi\/\">The Era of Immaterial Surgery: The Dominance of High-Intensity Focused Ultrasound (HIFU) and the End of the Scalpel<\/a><time datetime=\"2026-05-05T22:33:34+00:00\" class=\"wp-block-latest-posts__post-date\">May 5, 2026<\/time><\/li>\n<li><a class=\"wp-block-latest-posts__post-title\" href=\"https:\/\/menteymanzana.com\/en\/hackeando-el-reloj-biologico-la-ciencia-definitiva-para-revertir-el-envejecimiento\/\">Hacking the Biological Clock: The Definitive Science to Reverse Aging<\/a><time datetime=\"2026-05-05T19:08:33+00:00\" class=\"wp-block-latest-posts__post-date\">May 5, 2026<\/time><\/li>\n<\/ul>\n<\/div>\n\n\n<div class=\"wp-block-column mm-col mm-col-featured is-layout-flow wp-block-column-is-layout-flow\">\n<ul class=\"wp-block-latest-posts__list is-grid columns-1 has-dates mm-featured-hero wp-block-latest-posts\"><li><div class=\"mm-card-meta\"><span class=\"mm-badge mm-badge-observacional\">OBSERVATIONAL<\/span><span class=\"mm-readtime\">4 min read<\/span><\/div><div class=\"wp-block-latest-posts__featured-image aligncenter\"><a href=\"https:\/\/menteymanzana.com\/en\/el-archivo-sildenafilo-vol-i-hackeando-el-oxido-nitrico\/\" aria-label=\"The Sildenafil Archive (Vol. I): Hacking Nitric Oxide\"><img decoding=\"async\" width=\"150\" height=\"150\" src=\"https:\/\/menteymanzana.com\/wp-content\/uploads\/2026\/05\/image-0-150x150.jpeg\" class=\"attachment-thumbnail size-thumbnail wp-post-image\" alt=\"\" style=\"\" srcset=\"https:\/\/menteymanzana.com\/wp-content\/uploads\/2026\/05\/image-0-150x150.jpeg 150w, https:\/\/menteymanzana.com\/wp-content\/uploads\/2026\/05\/image-0-100x100.jpeg 100w\" sizes=\"(max-width: 150px) 100vw, 150px\" \/><\/a><\/div><a class=\"wp-block-latest-posts__post-title\" href=\"https:\/\/menteymanzana.com\/en\/el-archivo-sildenafilo-vol-i-hackeando-el-oxido-nitrico\/\">The Sildenafil Archive (Vol. I): Hacking Nitric Oxide<\/a><time datetime=\"2026-05-05T23:31:43+00:00\" class=\"wp-block-latest-posts__post-date\">May 5, 2026<\/time><div class=\"wp-block-latest-posts__post-excerpt\">Sildenafil citrate: PDE5 enzyme hacking, Pfizer monopoly, STRIDER trial and the NICU paradox.<\/div><\/li>\n<\/ul>\n\n<div class=\"mm-col-head mm-col-head-mid\"><span>FEATURED NEWS<\/span><\/div>\n\n<ul class=\"wp-block-latest-posts__list is-grid columns-2 has-dates mm-featured-grid wp-block-latest-posts\"><li><div class=\"mm-card-meta\"><span class=\"mm-badge mm-badge-observacional\">OBSERVATIONAL<\/span><span class=\"mm-readtime\">4 min read<\/span><\/div><div class=\"wp-block-latest-posts__featured-image aligncenter\"><a href=\"https:\/\/menteymanzana.com\/en\/el-archivo-sildenafilo-vol-i-hackeando-el-oxido-nitrico\/\" aria-label=\"The Sildenafil Archive (Vol. I): Hacking Nitric Oxide\"><img decoding=\"async\" width=\"150\" height=\"150\" src=\"https:\/\/menteymanzana.com\/wp-content\/uploads\/2026\/05\/image-0-150x150.jpeg\" class=\"attachment-thumbnail size-thumbnail wp-post-image\" alt=\"\" style=\"\" srcset=\"https:\/\/menteymanzana.com\/wp-content\/uploads\/2026\/05\/image-0-150x150.jpeg 150w, https:\/\/menteymanzana.com\/wp-content\/uploads\/2026\/05\/image-0-100x100.jpeg 100w\" sizes=\"(max-width: 150px) 100vw, 150px\" \/><\/a><\/div><a class=\"wp-block-latest-posts__post-title\" href=\"https:\/\/menteymanzana.com\/en\/el-archivo-sildenafilo-vol-i-hackeando-el-oxido-nitrico\/\">The Sildenafil Archive (Vol. I): Hacking Nitric Oxide<\/a><time datetime=\"2026-05-05T23:31:43+00:00\" class=\"wp-block-latest-posts__post-date\">May 5, 2026<\/time><div class=\"wp-block-latest-posts__post-excerpt\">Sildenafil citrate: PDE5 enzyme hacking, Pfizer monopoly, STRIDER trial and the NICU paradox.<\/div><\/li>\n<li><div class=\"mm-card-meta\"><span class=\"mm-badge mm-badge-observacional\">OBSERVATIONAL<\/span><span class=\"mm-readtime\">4 min read<\/span><\/div><div class=\"wp-block-latest-posts__featured-image aligncenter\"><a href=\"https:\/\/menteymanzana.com\/en\/la-era-de-la-cirugia-inmaterial-el-dominio-del-ultrasonido-focalizado-hifu-y-el-fin-del-bisturi\/\" aria-label=\"The Era of Immaterial Surgery: The Dominance of High-Intensity Focused Ultrasound (HIFU) and the End of the Scalpel\"><img decoding=\"async\" width=\"150\" height=\"150\" src=\"https:\/\/menteymanzana.com\/wp-content\/uploads\/2026\/05\/hifu-hero-cirugia-inmaterial-v2-150x150.jpg\" class=\"attachment-thumbnail size-thumbnail wp-post-image\" alt=\"Sala de control HIFU con brazo rob\u00f3tico, paciente hologr\u00e1fico y monitores de bioimagen\" style=\"\" srcset=\"https:\/\/menteymanzana.com\/wp-content\/uploads\/2026\/05\/hifu-hero-cirugia-inmaterial-v2-150x150.jpg 150w, https:\/\/menteymanzana.com\/wp-content\/uploads\/2026\/05\/hifu-hero-cirugia-inmaterial-v2-100x100.jpg 100w\" sizes=\"(max-width: 150px) 100vw, 150px\" \/><\/a><\/div><a class=\"wp-block-latest-posts__post-title\" href=\"https:\/\/menteymanzana.com\/en\/la-era-de-la-cirugia-inmaterial-el-dominio-del-ultrasonido-focalizado-hifu-y-el-fin-del-bisturi\/\">The Era of Immaterial Surgery: The Dominance of High-Intensity Focused Ultrasound (HIFU) and the End of the Scalpel<\/a><time datetime=\"2026-05-05T22:33:34+00:00\" class=\"wp-block-latest-posts__post-date\">May 5, 2026<\/time><div class=\"wp-block-latest-posts__post-excerpt\">HIFU: non-invasive acoustic ablation. Physics, Chinese hegemony (Haifu, PRO HITU), immunomodulation, clinical evidence, and the Mexican cluster.<\/div><\/li>\n<li><div class=\"wp-block-latest-posts__featured-image aligncenter\"><a href=\"https:\/\/menteymanzana.com\/en\/hackeando-el-reloj-biologico-la-ciencia-definitiva-para-revertir-el-envejecimiento\/\" aria-label=\"Hacking the Biological Clock: The Definitive Science to Reverse Aging\"><img decoding=\"async\" width=\"150\" height=\"150\" src=\"https:\/\/menteymanzana.com\/wp-content\/uploads\/2026\/05\/reloj-biologico-reloj-arena-juventud-vejez-adn-150x150.jpg\" class=\"attachment-thumbnail size-thumbnail wp-post-image\" alt=\"\" style=\"\" srcset=\"https:\/\/menteymanzana.com\/wp-content\/uploads\/2026\/05\/reloj-biologico-reloj-arena-juventud-vejez-adn-150x150.jpg 150w, https:\/\/menteymanzana.com\/wp-content\/uploads\/2026\/05\/reloj-biologico-reloj-arena-juventud-vejez-adn-100x100.jpg 100w\" sizes=\"(max-width: 150px) 100vw, 150px\" \/><\/a><\/div><a class=\"wp-block-latest-posts__post-title\" href=\"https:\/\/menteymanzana.com\/en\/hackeando-el-reloj-biologico-la-ciencia-definitiva-para-revertir-el-envejecimiento\/\">Hacking the Biological Clock: The Definitive Science to Reverse Aging<\/a><time datetime=\"2026-05-05T19:08:33+00:00\" class=\"wp-block-latest-posts__post-date\">May 5, 2026<\/time><div class=\"wp-block-latest-posts__post-excerpt\">Modern geroscience has shown that aging is malleable. Complete dossier: 12 pillars of aging, rapamycin, metformin, senolytics, NAD+, peptides, biomechanics, and chrononutrition.<\/div><\/li>\n<\/ul>\n<\/div>\n\n\n<div class=\"wp-block-column mm-col mm-col-popular is-layout-flow wp-block-column-is-layout-flow\" style=\"flex-basis:320px\">\n\n<div class=\"mm-col-head\"><span>POPULAR NEWS<\/span><\/div>\n\n<ul class=\"mm-popular-real\"><li><a class=\"mm-pop-thumb\" href=\"https:\/\/menteymanzana.com\/en\/el-archivo-sildenafilo-vol-i-hackeando-el-oxido-nitrico\/\"><img loading=\"lazy\" decoding=\"async\" width=\"150\" height=\"150\" src=\"https:\/\/menteymanzana.com\/wp-content\/uploads\/2026\/05\/image-0-150x150.jpeg\" class=\"attachment-thumbnail size-thumbnail wp-post-image\" alt=\"\" srcset=\"https:\/\/menteymanzana.com\/wp-content\/uploads\/2026\/05\/image-0-150x150.jpeg 150w, https:\/\/menteymanzana.com\/wp-content\/uploads\/2026\/05\/image-0-100x100.jpeg 100w\" sizes=\"(max-width: 150px) 100vw, 150px\" \/><\/a><div class=\"mm-pop-body\"><a class=\"mm-pop-title\" href=\"https:\/\/menteymanzana.com\/en\/el-archivo-sildenafilo-vol-i-hackeando-el-oxido-nitrico\/\">The Sildenafil Archive (Vol. I): Hacking Nitric Oxide<\/a><span class=\"mm-pop-meta\">5 May, 2026 &middot; 64 lecturas<\/span><\/div><\/li><li><a class=\"mm-pop-thumb\" href=\"https:\/\/menteymanzana.com\/en\/la-era-de-la-cirugia-inmaterial-el-dominio-del-ultrasonido-focalizado-hifu-y-el-fin-del-bisturi\/\"><img loading=\"lazy\" decoding=\"async\" width=\"150\" height=\"150\" src=\"https:\/\/menteymanzana.com\/wp-content\/uploads\/2026\/05\/hifu-hero-cirugia-inmaterial-v2-150x150.jpg\" class=\"attachment-thumbnail size-thumbnail wp-post-image\" alt=\"Sala de control HIFU con brazo rob\u00f3tico, paciente hologr\u00e1fico y monitores de bioimagen\" srcset=\"https:\/\/menteymanzana.com\/wp-content\/uploads\/2026\/05\/hifu-hero-cirugia-inmaterial-v2-150x150.jpg 150w, https:\/\/menteymanzana.com\/wp-content\/uploads\/2026\/05\/hifu-hero-cirugia-inmaterial-v2-100x100.jpg 100w\" sizes=\"(max-width: 150px) 100vw, 150px\" \/><\/a><div class=\"mm-pop-body\"><a class=\"mm-pop-title\" href=\"https:\/\/menteymanzana.com\/en\/la-era-de-la-cirugia-inmaterial-el-dominio-del-ultrasonido-focalizado-hifu-y-el-fin-del-bisturi\/\">The Era of Immaterial Surgery: The Dominance of High-Intensity Focused Ultrasound (HIFU) and the End of the Scalpel<\/a><span class=\"mm-pop-meta\">5 May, 2026 &middot; 54 lecturas<\/span><\/div><\/li><li><a class=\"mm-pop-thumb\" href=\"https:\/\/menteymanzana.com\/en\/hackeando-el-reloj-biologico-la-ciencia-definitiva-para-revertir-el-envejecimiento\/\"><img loading=\"lazy\" decoding=\"async\" width=\"150\" height=\"150\" src=\"https:\/\/menteymanzana.com\/wp-content\/uploads\/2026\/05\/reloj-biologico-reloj-arena-juventud-vejez-adn-150x150.jpg\" class=\"attachment-thumbnail size-thumbnail wp-post-image\" alt=\"\" srcset=\"https:\/\/menteymanzana.com\/wp-content\/uploads\/2026\/05\/reloj-biologico-reloj-arena-juventud-vejez-adn-150x150.jpg 150w, https:\/\/menteymanzana.com\/wp-content\/uploads\/2026\/05\/reloj-biologico-reloj-arena-juventud-vejez-adn-100x100.jpg 100w\" sizes=\"(max-width: 150px) 100vw, 150px\" \/><\/a><div class=\"mm-pop-body\"><a class=\"mm-pop-title\" href=\"https:\/\/menteymanzana.com\/en\/hackeando-el-reloj-biologico-la-ciencia-definitiva-para-revertir-el-envejecimiento\/\">Hacking the Biological Clock: The Definitive Science to Reverse Aging<\/a><span class=\"mm-pop-meta\">5 May, 2026 &middot; 52 lecturas<\/span><\/div><\/li><\/ul>\n\n<\/div>\n\n<\/div>\n\n<\/div>\n<\/div>\n\n\n\n<div class=\"wp-block-group alignfull has-color-1-background-color has-background has-global-padding is-layout-constrained wp-container-core-group-is-layout-a774e0e5 wp-block-group-is-layout-constrained\" style=\"padding-top:120px;padding-right:64px;padding-bottom:120px;padding-left:64px\">\n<h2 class=\"wp-block-heading has-text-align-center\" style=\"font-size:clamp(27.894px, 1.743rem + ((1vw - 3.2px) * 2.578), 48px);font-style:normal;font-weight:700;letter-spacing:-0.02em\">THE ARSENAL<\/h2>\n\n\n\n<p class=\"has-text-align-center has-text-color\" style=\"color:#c4c7c7;margin-top:24px;font-size:clamp(14px, 0.875rem + ((1vw - 3.2px) * 0.513), 18px);font-family:Newsreader, Georgia, serif;line-height:1.6\">Tools, compounds, and equipment that have been carefully selected and validated through rigorous institutional testing. Only what works, nothing else.<\/p>\n\n\n\n<div class=\"wp-block-buttons is-content-justification-center is-layout-flex wp-container-core-buttons-is-layout-660f9ef0 wp-block-buttons-is-layout-flex\" style=\"margin-top:40px\">\n<div class=\"wp-block-button\"><a class=\"wp-block-button__link wp-element-button\" href=\"\/en\/el-arsenal\/\">Enter Arsenal<\/a><\/div>\n<\/div>\n<\/div>","protected":false},"excerpt":{"rendered":"<p>EL PROTOCOLO Un enfoque sistem\u00e1tico para optimizar la biolog\u00eda humana. Eliminamos el ruido del wellness moderno para entregarte datos duros y accionables. Esto no es autoayuda; esto es ingenier\u00eda. 01 Evaluaci\u00f3n de L\u00ednea Base 02 Arquitectura Nutricional 03 Calibraci\u00f3n Cognitiva INVESTIGACI\u00d3N DESTACADA ACCEDER A ARCHIVOS \u2192 \u00daLTIMAS NOTICIAS NOTICIAS DESTACADAS NOTICIAS POPULARES EL ARSENAL Herramientas, [&hellip;]<\/p>\n","protected":false},"author":1,"featured_media":0,"parent":0,"menu_order":0,"comment_status":"closed","ping_status":"closed","template":"no-title","meta":{"_acf_changed":false,"footnotes":""},"class_list":["post-43","page","type-page","status-publish","hentry"],"acf":[],"_links":{"self":[{"href":"https:\/\/menteymanzana.com\/en\/wp-json\/wp\/v2\/pages\/43","targetHints":{"allow":["GET"]}}],"collection":[{"href":"https:\/\/menteymanzana.com\/en\/wp-json\/wp\/v2\/pages"}],"about":[{"href":"https:\/\/menteymanzana.com\/en\/wp-json\/wp\/v2\/types\/page"}],"author":[{"embeddable":true,"href":"https:\/\/menteymanzana.com\/en\/wp-json\/wp\/v2\/users\/1"}],"replies":[{"embeddable":true,"href":"https:\/\/menteymanzana.com\/en\/wp-json\/wp\/v2\/comments?post=43"}],"version-history":[{"count":0,"href":"https:\/\/menteymanzana.com\/en\/wp-json\/wp\/v2\/pages\/43\/revisions"}],"wp:attachment":[{"href":"https:\/\/menteymanzana.com\/en\/wp-json\/wp\/v2\/media?parent=43"}],"curies":[{"name":"wp","href":"https:\/\/api.w.org\/{rel}","templated":true}]}}